{"id":245,"date":"2017-04-21T16:24:07","date_gmt":"2017-04-21T14:24:07","guid":{"rendered":"http:\/\/reussirsonprojet.fr\/?page_id=245"},"modified":"2023-04-28T16:31:31","modified_gmt":"2023-04-28T14:31:31","slug":"a-propos-blog-gestion-de-projet","status":"publish","type":"page","link":"https:\/\/bubbleplan.net\/blog\/a-propos-blog-gestion-de-projet\/","title":{"rendered":"A propos"},"content":{"rendered":"<p>Bienvenue sur le <strong>blog de la gestion de projet efficace<\/strong>, un blog d&rsquo;entreprise, <strong>cr\u00e9\u00e9 par la startup Bubble Plan<\/strong>, sp\u00e9cialis\u00e9e dans les outils collaboratifs d&rsquo;organisation et d&rsquo;optimisation manag\u00e9riale.<\/p>\n<p>Membre de la FrenchTech, r\u00e9f\u00e9renc\u00e9e \u00e0 l&rsquo;UGAP et partenaire du Lab RH, cette startup parisienne d\u00e9veloppe des logiciels SaaS, dont :<br \/>\n<br \/>\n-&gt; <a href=\"https:\/\/bubbleplan.net\" target=\"_blank\" rel=\"noopener\">Bubble Plan<\/a> : un outil de planification et gestion de projet en ligne simple et visuel,<br \/>\n<br \/>\n-&gt; <a href=\"https:\/\/bubblemeeting.net\" target=\"_blank\" rel=\"noopener\">Bubble Meeting<\/a> : une solution de pilotage de r\u00e9unions engageante et dynamique.<\/br><br \/>\n<\/p>\n<p>Elle se fait un point d&rsquo;honneur \u00e0 accompagner l&rsquo;organisation et la productivit\u00e9 de tous les professionnels; qu&rsquo;il s&rsquo;agisse d&rsquo;utilisateurs de Bubble Plan ou non. D&rsquo;o\u00f9 la naissance de ce blog qui a pour ambition de livrer <strong>un avis personnel de la marque<\/strong> sur la gestion de projet, la planification projet et de mani\u00e8re g\u00e9n\u00e9rale, sur les pratiques collaboratives et manag\u00e9riales.<\/p>\n<p>Retrouvez au fil de ce blog professionnel :<\/p>\n<p>1\/ <strong>Conseils, bonnes pratiques, astuces<\/strong> pour une gestion de projet efficace,<\/p>\n<p>2\/ <strong>\u00c9tudes de cas<\/strong> et probl\u00e9matiques m\u00e9tiers pour le management projet,<\/p>\n<p>3\/ D\u00e9couverte d&rsquo;<strong>outils collaboratifs<\/strong> ou SaaS,<\/p>\n<p>4\/ <strong>Actualit\u00e9s du monde du SaaS<\/strong> (Logiciels services en ligne) et de l&rsquo;\u00e9cosyst\u00e8me startup France,<\/p>\n<p>5\/ Actualit\u00e9s de la startup Bubble Plan, ainsi que des <strong>guides pratiques, conseils, astuces, nouveaut\u00e9s&#8230;<\/strong> \u00a0pour bien ma\u00eetriser et utiliser son logiciel de gestion de projet.<\/br><br \/>\n<\/p>\n<p>Chaque mois, nous partons \u00e0 la d\u00e9couverte d&rsquo;un nouvel outil collaboratif ou SaaS, pour apporter des cl\u00e9s innovantes aux process de nos lecteurs.<\/p>\n<p>Nous \u00e9voquons aussi :<\/p>\n<p>&#8211; les m\u00e9thodos,<\/p>\n<p>&#8211; les techniques<\/p>\n<p>&#8211; ou encore les diff\u00e9rents aspects \u00e0 prendre en consid\u00e9ration pour se lancer en gestion de projet ou tout simplement optimiser ses process en cours.<\/br><br \/>\n<\/p>\n<p><strong>Parce que la planification et le pilotage sont de vrais leviers d&rsquo;optimisation et de gain de temps, qui m\u00e8nent \u00e0 la r\u00e9ussite<\/strong>&#8230; Bubble Plan s&rsquo;engage pour une meilleure compr\u00e9hension de l&rsquo;approche par gestion de projet.<br \/>\n<\/p>\n<h2>POUR LES FANS DE BUBBLE PLAN<\/h2>\n<p>Souhaitant \u00e9galement \u00eatre un relais entre nos propres outils collaboratifs SaaS et l&rsquo;am\u00e9lioration des process de nos utilisateurs directs, le blog n&rsquo;oublie pas les utilisateurs de Bubble Plan et Bubble Meeting.<\/p>\n<p>Nous avons\u00a0ainsi cr\u00e9\u00e9 un espace d\u00e9di\u00e9<\/p>\n<p>-&gt; pour leur faciliter la prise en main et l&rsquo;\u00e9volution au sein de son outil de gestion de projet,<\/p>\n<p>-&gt; pour leur partager la vie de notre startup,<\/p>\n<p>-&gt; pour leur faire mieux cerner les possibilit\u00e9s offertes par nos solutions.<\/br><br \/>\n<\/p>\n<p><strong>Au programme : l&rsquo;explication de nombreuses fonctionnalit\u00e9s, les diff\u00e9rentes utilisations des utilisateurs, les sp\u00e9cificit\u00e9s m\u00e9tiers&#8230; et encore bien plus.<\/strong><\/p>\n<p><\/p>\n","protected":false},"excerpt":{"rendered":"<p>Bienvenue sur le blog de la gestion de projet efficace, un blog d&rsquo;entreprise, cr\u00e9\u00e9 par la startup Bubble Plan, sp\u00e9cialis\u00e9e dans les outils collaboratifs d&rsquo;organisation et d&rsquo;optimisation manag\u00e9riale. Membre de la FrenchTech, r\u00e9f\u00e9renc\u00e9e \u00e0 l&rsquo;UGAP et partenaire du Lab RH, cette startup parisienne d\u00e9veloppe des logiciels SaaS, dont : -&gt; Bubble Plan : un outil&#8230;<\/p>\n","protected":false},"author":2,"featured_media":1731,"parent":0,"menu_order":0,"comment_status":"closed","ping_status":"closed","template":"","meta":{"footnotes":""},"class_list":{"0":"post-245","1":"page","2":"type-page","3":"status-publish","4":"has-post-thumbnail","5":"hentry","6":"article","7":"","9":"has-excerpt","10":"has-avatar","11":"has-author","12":"has-nickname","13":"has-date","14":"has-comment-count","15":"has-read-more","16":"has-title","17":"has-post-media","18":"thumbnail-"},"yoast_head":"<!-- This site is optimized with the Yoast SEO plugin v26.8 - https:\/\/yoast.com\/product\/yoast-seo-wordpress\/ -->\n<title>A propos &#060; L&#039;origine du blog et sa dynamique \u00e9ditoriale<\/title>\n<meta name=\"description\" content=\"Un blog sur la gestion de projet et les outils collaboratifs, pour am\u00e9liorer ses process et dynamiser ses pratiques en \u00e9quipe.\" \/>\n<meta name=\"robots\" content=\"index, follow, max-snippet:-1, max-image-preview:large, max-video-preview:-1\" \/>\n<link rel=\"canonical\" href=\"https:\/\/bubbleplan.net\/blog\/a-propos-blog-gestion-de-projet\/\" \/>\n<meta property=\"og:locale\" content=\"fr_FR\" \/>\n<meta property=\"og:type\" content=\"article\" \/>\n<meta property=\"og:title\" content=\"A propos &#060; L&#039;origine du blog et sa dynamique \u00e9ditoriale\" \/>\n<meta property=\"og:description\" content=\"Un blog sur la gestion de projet et les outils collaboratifs, pour am\u00e9liorer ses process et dynamiser ses pratiques en \u00e9quipe.\" \/>\n<meta property=\"og:url\" content=\"https:\/\/bubbleplan.net\/blog\/a-propos-blog-gestion-de-projet\/\" \/>\n<meta property=\"og:site_name\" content=\"Bubble Plan : blog de la Gestion de Projet efficace et collaborative\" \/>\n<meta property=\"article:publisher\" content=\"https:\/\/www.facebook.com\/bubbleplan\" \/>\n<meta property=\"article:modified_time\" content=\"2023-04-28T14:31:31+00:00\" \/>\n<meta property=\"og:image\" content=\"https:\/\/bubbleplan.net\/blog\/wp-content\/uploads\/2018\/03\/Logo-Bubble-Plan-TRANSPARENT-72-dpi-291x100.png\" \/>\n\t<meta property=\"og:image:width\" content=\"291\" \/>\n\t<meta property=\"og:image:height\" content=\"100\" \/>\n\t<meta property=\"og:image:type\" content=\"image\/png\" \/>\n<meta name=\"twitter:card\" content=\"summary_large_image\" \/>\n<meta name=\"twitter:site\" content=\"@BubblePlan\" \/>\n<meta name=\"twitter:label1\" content=\"Dur\u00e9e de lecture estim\u00e9e\" \/>\n\t<meta name=\"twitter:data1\" content=\"3 minutes\" \/>\n<script type=\"application\/ld+json\" class=\"yoast-schema-graph\">{\"@context\":\"https:\/\/schema.org\",\"@graph\":[{\"@type\":\"WebPage\",\"@id\":\"https:\/\/bubbleplan.net\/blog\/a-propos-blog-gestion-de-projet\/\",\"url\":\"https:\/\/bubbleplan.net\/blog\/a-propos-blog-gestion-de-projet\/\",\"name\":\"A propos &#060; L'origine du blog et sa dynamique \u00e9ditoriale\",\"isPartOf\":{\"@id\":\"https:\/\/bubbleplan.net\/blog\/#website\"},\"primaryImageOfPage\":{\"@id\":\"https:\/\/bubbleplan.net\/blog\/a-propos-blog-gestion-de-projet\/#primaryimage\"},\"image\":{\"@id\":\"https:\/\/bubbleplan.net\/blog\/a-propos-blog-gestion-de-projet\/#primaryimage\"},\"thumbnailUrl\":\"https:\/\/bubbleplan.net\/blog\/wp-content\/uploads\/2018\/03\/Logo-Bubble-Plan-TRANSPARENT-72-dpi-291x100.png\",\"datePublished\":\"2017-04-21T14:24:07+00:00\",\"dateModified\":\"2023-04-28T14:31:31+00:00\",\"description\":\"Un blog sur la gestion de projet et les outils collaboratifs, pour am\u00e9liorer ses process et dynamiser ses pratiques en \u00e9quipe.\",\"breadcrumb\":{\"@id\":\"https:\/\/bubbleplan.net\/blog\/a-propos-blog-gestion-de-projet\/#breadcrumb\"},\"inLanguage\":\"fr-FR\",\"potentialAction\":[{\"@type\":\"ReadAction\",\"target\":[\"https:\/\/bubbleplan.net\/blog\/a-propos-blog-gestion-de-projet\/\"]}]},{\"@type\":\"ImageObject\",\"inLanguage\":\"fr-FR\",\"@id\":\"https:\/\/bubbleplan.net\/blog\/a-propos-blog-gestion-de-projet\/#primaryimage\",\"url\":\"https:\/\/bubbleplan.net\/blog\/wp-content\/uploads\/2018\/03\/Logo-Bubble-Plan-TRANSPARENT-72-dpi-291x100.png\",\"contentUrl\":\"https:\/\/bubbleplan.net\/blog\/wp-content\/uploads\/2018\/03\/Logo-Bubble-Plan-TRANSPARENT-72-dpi-291x100.png\",\"width\":291,\"height\":100},{\"@type\":\"BreadcrumbList\",\"@id\":\"https:\/\/bubbleplan.net\/blog\/a-propos-blog-gestion-de-projet\/#breadcrumb\",\"itemListElement\":[{\"@type\":\"ListItem\",\"position\":1,\"name\":\"Blog\",\"item\":\"https:\/\/bubbleplan.net\/blog\/\"},{\"@type\":\"ListItem\",\"position\":2,\"name\":\"A propos\"}]},{\"@type\":\"WebSite\",\"@id\":\"https:\/\/bubbleplan.net\/blog\/#website\",\"url\":\"https:\/\/bubbleplan.net\/blog\/\",\"name\":\"Bubble Plan : blog de la Gestion de Projet efficace et collaborative\",\"description\":\"Toute l&#039;actualit\u00e9 de la gestion de projet et du collaboratif, avec Bubble Plan\",\"publisher\":{\"@id\":\"https:\/\/bubbleplan.net\/blog\/#organization\"},\"potentialAction\":[{\"@type\":\"SearchAction\",\"target\":{\"@type\":\"EntryPoint\",\"urlTemplate\":\"https:\/\/bubbleplan.net\/blog\/?s={search_term_string}\"},\"query-input\":{\"@type\":\"PropertyValueSpecification\",\"valueRequired\":true,\"valueName\":\"search_term_string\"}}],\"inLanguage\":\"fr-FR\"},{\"@type\":\"Organization\",\"@id\":\"https:\/\/bubbleplan.net\/blog\/#organization\",\"name\":\"Bubble Plan\",\"url\":\"https:\/\/bubbleplan.net\/blog\/\",\"logo\":{\"@type\":\"ImageObject\",\"inLanguage\":\"fr-FR\",\"@id\":\"https:\/\/bubbleplan.net\/blog\/#\/schema\/logo\/image\/\",\"url\":\"https:\/\/bubbleplan.net\/blog\/wp-content\/uploads\/2024\/07\/logo-leblog-vf-01-336.png\",\"contentUrl\":\"https:\/\/bubbleplan.net\/blog\/wp-content\/uploads\/2024\/07\/logo-leblog-vf-01-336.png\",\"width\":672,\"height\":62,\"caption\":\"Bubble Plan\"},\"image\":{\"@id\":\"https:\/\/bubbleplan.net\/blog\/#\/schema\/logo\/image\/\"},\"sameAs\":[\"https:\/\/www.facebook.com\/bubbleplan\",\"https:\/\/x.com\/BubblePlan\",\"https:\/\/www.linkedin.com\/company\/bubbleplan\",\"https:\/\/www.youtube.com\/channel\/UCDb4feDzsa4fCd_vR5HZJgg\"]}]}<\/script>\n<!-- \/ Yoast SEO plugin. -->","yoast_head_json":{"title":"A propos &#060; L'origine du blog et sa dynamique \u00e9ditoriale","description":"Un blog sur la gestion de projet et les outils collaboratifs, pour am\u00e9liorer ses process et dynamiser ses pratiques en \u00e9quipe.","robots":{"index":"index","follow":"follow","max-snippet":"max-snippet:-1","max-image-preview":"max-image-preview:large","max-video-preview":"max-video-preview:-1"},"canonical":"https:\/\/bubbleplan.net\/blog\/a-propos-blog-gestion-de-projet\/","og_locale":"fr_FR","og_type":"article","og_title":"A propos &#060; L'origine du blog et sa dynamique \u00e9ditoriale","og_description":"Un blog sur la gestion de projet et les outils collaboratifs, pour am\u00e9liorer ses process et dynamiser ses pratiques en \u00e9quipe.","og_url":"https:\/\/bubbleplan.net\/blog\/a-propos-blog-gestion-de-projet\/","og_site_name":"Bubble Plan : blog de la Gestion de Projet efficace et collaborative","article_publisher":"https:\/\/www.facebook.com\/bubbleplan","article_modified_time":"2023-04-28T14:31:31+00:00","og_image":[{"width":291,"height":100,"url":"https:\/\/bubbleplan.net\/blog\/wp-content\/uploads\/2018\/03\/Logo-Bubble-Plan-TRANSPARENT-72-dpi-291x100.png","type":"image\/png"}],"twitter_card":"summary_large_image","twitter_site":"@BubblePlan","twitter_misc":{"Dur\u00e9e de lecture estim\u00e9e":"3 minutes"},"schema":{"@context":"https:\/\/schema.org","@graph":[{"@type":"WebPage","@id":"https:\/\/bubbleplan.net\/blog\/a-propos-blog-gestion-de-projet\/","url":"https:\/\/bubbleplan.net\/blog\/a-propos-blog-gestion-de-projet\/","name":"A propos &#060; L'origine du blog et sa dynamique \u00e9ditoriale","isPartOf":{"@id":"https:\/\/bubbleplan.net\/blog\/#website"},"primaryImageOfPage":{"@id":"https:\/\/bubbleplan.net\/blog\/a-propos-blog-gestion-de-projet\/#primaryimage"},"image":{"@id":"https:\/\/bubbleplan.net\/blog\/a-propos-blog-gestion-de-projet\/#primaryimage"},"thumbnailUrl":"https:\/\/bubbleplan.net\/blog\/wp-content\/uploads\/2018\/03\/Logo-Bubble-Plan-TRANSPARENT-72-dpi-291x100.png","datePublished":"2017-04-21T14:24:07+00:00","dateModified":"2023-04-28T14:31:31+00:00","description":"Un blog sur la gestion de projet et les outils collaboratifs, pour am\u00e9liorer ses process et dynamiser ses pratiques en \u00e9quipe.","breadcrumb":{"@id":"https:\/\/bubbleplan.net\/blog\/a-propos-blog-gestion-de-projet\/#breadcrumb"},"inLanguage":"fr-FR","potentialAction":[{"@type":"ReadAction","target":["https:\/\/bubbleplan.net\/blog\/a-propos-blog-gestion-de-projet\/"]}]},{"@type":"ImageObject","inLanguage":"fr-FR","@id":"https:\/\/bubbleplan.net\/blog\/a-propos-blog-gestion-de-projet\/#primaryimage","url":"https:\/\/bubbleplan.net\/blog\/wp-content\/uploads\/2018\/03\/Logo-Bubble-Plan-TRANSPARENT-72-dpi-291x100.png","contentUrl":"https:\/\/bubbleplan.net\/blog\/wp-content\/uploads\/2018\/03\/Logo-Bubble-Plan-TRANSPARENT-72-dpi-291x100.png","width":291,"height":100},{"@type":"BreadcrumbList","@id":"https:\/\/bubbleplan.net\/blog\/a-propos-blog-gestion-de-projet\/#breadcrumb","itemListElement":[{"@type":"ListItem","position":1,"name":"Blog","item":"https:\/\/bubbleplan.net\/blog\/"},{"@type":"ListItem","position":2,"name":"A propos"}]},{"@type":"WebSite","@id":"https:\/\/bubbleplan.net\/blog\/#website","url":"https:\/\/bubbleplan.net\/blog\/","name":"Bubble Plan : blog de la Gestion de Projet efficace et collaborative","description":"Toute l&#039;actualit\u00e9 de la gestion de projet et du collaboratif, avec Bubble Plan","publisher":{"@id":"https:\/\/bubbleplan.net\/blog\/#organization"},"potentialAction":[{"@type":"SearchAction","target":{"@type":"EntryPoint","urlTemplate":"https:\/\/bubbleplan.net\/blog\/?s={search_term_string}"},"query-input":{"@type":"PropertyValueSpecification","valueRequired":true,"valueName":"search_term_string"}}],"inLanguage":"fr-FR"},{"@type":"Organization","@id":"https:\/\/bubbleplan.net\/blog\/#organization","name":"Bubble Plan","url":"https:\/\/bubbleplan.net\/blog\/","logo":{"@type":"ImageObject","inLanguage":"fr-FR","@id":"https:\/\/bubbleplan.net\/blog\/#\/schema\/logo\/image\/","url":"https:\/\/bubbleplan.net\/blog\/wp-content\/uploads\/2024\/07\/logo-leblog-vf-01-336.png","contentUrl":"https:\/\/bubbleplan.net\/blog\/wp-content\/uploads\/2024\/07\/logo-leblog-vf-01-336.png","width":672,"height":62,"caption":"Bubble Plan"},"image":{"@id":"https:\/\/bubbleplan.net\/blog\/#\/schema\/logo\/image\/"},"sameAs":["https:\/\/www.facebook.com\/bubbleplan","https:\/\/x.com\/BubblePlan","https:\/\/www.linkedin.com\/company\/bubbleplan","https:\/\/www.youtube.com\/channel\/UCDb4feDzsa4fCd_vR5HZJgg"]}]}},"_links":{"self":[{"href":"https:\/\/bubbleplan.net\/blog\/wp-json\/wp\/v2\/pages\/245","targetHints":{"allow":["GET"]}}],"collection":[{"href":"https:\/\/bubbleplan.net\/blog\/wp-json\/wp\/v2\/pages"}],"about":[{"href":"https:\/\/bubbleplan.net\/blog\/wp-json\/wp\/v2\/types\/page"}],"author":[{"embeddable":true,"href":"https:\/\/bubbleplan.net\/blog\/wp-json\/wp\/v2\/users\/2"}],"replies":[{"embeddable":true,"href":"https:\/\/bubbleplan.net\/blog\/wp-json\/wp\/v2\/comments?post=245"}],"version-history":[{"count":61,"href":"https:\/\/bubbleplan.net\/blog\/wp-json\/wp\/v2\/pages\/245\/revisions"}],"predecessor-version":[{"id":8855,"href":"https:\/\/bubbleplan.net\/blog\/wp-json\/wp\/v2\/pages\/245\/revisions\/8855"}],"wp:featuredmedia":[{"embeddable":true,"href":"https:\/\/bubbleplan.net\/blog\/wp-json\/wp\/v2\/media\/1731"}],"wp:attachment":[{"href":"https:\/\/bubbleplan.net\/blog\/wp-json\/wp\/v2\/media?parent=245"}],"curies":[{"name":"wp","href":"https:\/\/api.w.org\/{rel}","templated":true}]}}